{"id":9,"date":"2019-01-22T11:39:34","date_gmt":"2019-01-22T11:39:34","guid":{"rendered":"http:\/\/gokart.info\/?page_id=9"},"modified":"2019-01-22T11:39:35","modified_gmt":"2019-01-22T11:39:35","slug":"impresszum","status":"publish","type":"page","link":"http:\/\/gokart.info\/index.php\/impresszum\/","title":{"rendered":"Impresszum"},"content":{"rendered":"\n<p>Mediakit Kft<br>1213 Budapest, Juharos utca 19.<br>Ad\u00f3sz\u00e1m : 25501656-2-43<br>Sz\u00e1mlasz\u00e1m: 11709088-21072392<br>C\u00e9gjegyz\u00e9ksz\u00e1m:01-09-278788<br>e-mail:media@gyorsasagi.com<br>Photo<br>Ott Andr\u00e1s(MUOSZ 30603)<\/p>\n\n\n\n<p><a href=\"http:\/\/wtcr.hu\" target=\"_blank\" rel=\"noreferrer noopener\">wtcr.hu<br><\/a><a href=\"http:\/\/tcreurope.com\" target=\"_blank\" rel=\"noreferrer noopener\">tcreurope.com<\/a><br><a href=\"http:\/\/tcrhungary.hu\" target=\"_blank\" rel=\"noreferrer noopener\">tcrhungary.hu<\/a><br><a href=\"http:\/\/tcrcez.com\" target=\"_blank\" rel=\"noreferrer noopener\">tcrcez.com<\/a><br><a href=\"http:\/\/tcrcez.hu\" target=\"_blank\" rel=\"noreferrer noopener\">tcrcez.hu<\/a><br><a href=\"http:\/\/gokart.info\">gokart.info<\/a><br><a href=\"http:\/\/racingexperience.hu\" target=\"_blank\" rel=\"noreferrer noopener\">racingexperience.hu<\/a><br><a href=\"http:\/\/gp1.hu\" target=\"_blank\" rel=\"noreferrer noopener\">gp1.hu<\/a><br><a href=\"http:\/\/classone.hu\" target=\"_blank\" rel=\"noreferrer noopener\">classone.hu<\/a><br><a href=\"http:\/\/cupracer.hu\" target=\"_blank\" rel=\"noreferrer noopener\">cupracer.hu<\/a><br><a href=\"http:\/\/motorsportmagyarorszagon.hu\" target=\"_blank\" rel=\"noreferrer noopener\">motorsportmagyarorszagon.hu<\/a><br><a href=\"http:\/\/www.hegyibajnoksag.hu\">hegyibajnoksag.hu<\/a><\/p>\n","protected":false},"excerpt":{"rendered":"<p>Mediakit Kft1213 Budapest, Juharos utca 19.Ad\u00f3sz\u00e1m : 25501656-2-43Sz\u00e1mlasz\u00e1m: 11709088-21072392C\u00e9gjegyz\u00e9ksz\u00e1m:01-09-278788e-mail:media@gyorsasagi.comPhotoOtt Andr\u00e1s(MUOSZ 30603) wtcr.hutcreurope.comtcrhungary.hutcrcez.comtcrcez.hugokart.inforacingexperience.hugp1.huclassone.hucupracer.humotorsportmagyarorszagon.huhegyibajnoksag.hu<\/p>\n","protected":false},"author":1,"featured_media":0,"parent":0,"menu_order":0,"comment_status":"closed","ping_status":"closed","template":"","meta":{"jetpack_post_was_ever_published":false,"footnotes":""},"jetpack_shortlink":"https:\/\/wp.me\/PaDTEH-9","jetpack-related-posts":[],"jetpack_sharing_enabled":true,"_links":{"self":[{"href":"http:\/\/gokart.info\/index.php\/wp-json\/wp\/v2\/pages\/9"}],"collection":[{"href":"http:\/\/gokart.info\/index.php\/wp-json\/wp\/v2\/pages"}],"about":[{"href":"http:\/\/gokart.info\/index.php\/wp-json\/wp\/v2\/types\/page"}],"author":[{"embeddable":true,"href":"http:\/\/gokart.info\/index.php\/wp-json\/wp\/v2\/users\/1"}],"replies":[{"embeddable":true,"href":"http:\/\/gokart.info\/index.php\/wp-json\/wp\/v2\/comments?post=9"}],"version-history":[{"count":1,"href":"http:\/\/gokart.info\/index.php\/wp-json\/wp\/v2\/pages\/9\/revisions"}],"predecessor-version":[{"id":10,"href":"http:\/\/gokart.info\/index.php\/wp-json\/wp\/v2\/pages\/9\/revisions\/10"}],"wp:attachment":[{"href":"http:\/\/gokart.info\/index.php\/wp-json\/wp\/v2\/media?parent=9"}],"curies":[{"name":"wp","href":"https:\/\/api.w.org\/{rel}","templated":true}]}}