{"id":2,"date":"2019-01-22T11:24:26","date_gmt":"2019-01-22T11:24:26","guid":{"rendered":"http:\/\/gokart.info\/?page_id=2"},"modified":"2019-01-22T11:57:47","modified_gmt":"2019-01-22T11:57:47","slug":"gokart","status":"publish","type":"page","link":"http:\/\/gokart.info\/index.php\/gokart\/","title":{"rendered":"Gokart"},"content":{"rendered":"","protected":false},"excerpt":{"rendered":"","protected":false},"author":1,"featured_media":0,"parent":0,"menu_order":0,"comment_status":"closed","ping_status":"open","template":"","meta":{"jetpack_post_was_ever_published":false,"footnotes":""},"jetpack_shortlink":"https:\/\/wp.me\/PaDTEH-2","jetpack-related-posts":[{"id":9,"url":"http:\/\/gokart.info\/index.php\/impresszum\/","url_meta":{"origin":2,"position":0},"title":"Impresszum","author":"admin","date":"2019.01.22.","format":false,"excerpt":"Mediakit Kft1213 Budapest, Juharos utca 19.Ad\u00f3sz\u00e1m : 25501656-2-43Sz\u00e1mlasz\u00e1m: 11709088-21072392C\u00e9gjegyz\u00e9ksz\u00e1m:01-09-278788e-mail:media@gyorsasagi.comPhotoOtt Andr\u00e1s(MUOSZ 30603) wtcr.hutcreurope.comtcrhungary.hutcrcez.comtcrcez.hugokart.inforacingexperience.hugp1.huclassone.hucupracer.humotorsportmagyarorszagon.huhegyibajnoksag.hu","rel":"","context":"Similar post","block_context":{"text":"Similar post","link":""},"img":{"alt_text":"","src":"","width":0,"height":0},"classes":[]}],"jetpack_sharing_enabled":true,"_links":{"self":[{"href":"http:\/\/gokart.info\/index.php\/wp-json\/wp\/v2\/pages\/2"}],"collection":[{"href":"http:\/\/gokart.info\/index.php\/wp-json\/wp\/v2\/pages"}],"about":[{"href":"http:\/\/gokart.info\/index.php\/wp-json\/wp\/v2\/types\/page"}],"author":[{"embeddable":true,"href":"http:\/\/gokart.info\/index.php\/wp-json\/wp\/v2\/users\/1"}],"replies":[{"embeddable":true,"href":"http:\/\/gokart.info\/index.php\/wp-json\/wp\/v2\/comments?post=2"}],"version-history":[{"count":1,"href":"http:\/\/gokart.info\/index.php\/wp-json\/wp\/v2\/pages\/2\/revisions"}],"predecessor-version":[{"id":12,"href":"http:\/\/gokart.info\/index.php\/wp-json\/wp\/v2\/pages\/2\/revisions\/12"}],"wp:attachment":[{"href":"http:\/\/gokart.info\/index.php\/wp-json\/wp\/v2\/media?parent=2"}],"curies":[{"name":"wp","href":"https:\/\/api.w.org\/{rel}","templated":true}]}}